{"id":54,"date":"2019-11-13T07:50:31","date_gmt":"2019-11-13T07:50:31","guid":{"rendered":"http:\/\/evj-hornbach.de\/?page_id=54"},"modified":"2019-11-13T22:35:57","modified_gmt":"2019-11-13T22:35:57","slug":"foerderverein-feuer-und-flamme","status":"publish","type":"page","link":"http:\/\/evj-hornbach.de\/?page_id=54","title":{"rendered":"F\u00f6rderverein Feuer und Flamme"},"content":{"rendered":"<p style=\"text-align: center;\">Wir sind Christen, denen die Jugendarbeit und Gemeindearbeit wichtig ist. Aus diesem Grunde haben wir \u201eFeuer und Flamme\u201c gegr\u00fcndet, einen Verein, der seinen Schwerpunkt in der Unterst\u00fctzung kirchlicher Jugendarbeit in den Kirchengemeinden Hornbach und Brenschelbach hat. Im Zusammenleben in Gruppen und Freizeiten wird soziales Verhalten einge\u00fcbt und wir vermitteln Werte. Seit \u00fcber zwanzig Jahren verantworten wir Jugendfreizeiten in den Sommerferien f\u00fcr 30-40 Jugendliche und erleben wie auch schwierige Jugendliche durch Vertrauen, Annahme, Konsequenz, gutes Miteinander sich in Gruppenprozesse einf\u00fcgen und sich in ihrer Pers\u00f6nlichkeit entfalten. Wiederholt haben wir von Eltern R\u00fcckmeldungen erhalten, dass Kinder sich durch Freizeiten in ihrer Pers\u00f6nlichkeit positiv weiterentwickelt haben.<\/p>\n<h3 style=\"text-align: center;\"><em><strong>Du kannst\u00a0uns unterst\u00fctzen:<a href=\"http:\/\/evj-hornbach.de\/wp-content\/uploads\/2019\/11\/beitrittserklaerung.pdf\"><img loading=\"lazy\" decoding=\"async\" class=\"alignright wp-image-1101\" title=\"Beitrittserkl\u00e4rung herunterladen\" src=\"https:\/\/evk-hornbach.de\/wp-content\/uploads\/2016\/08\/ffbeitritt.jpg\" alt=\"Beitrittserkl\u00e4rung herunterladen\" width=\"185\" height=\"275\" \/><\/a><\/strong><\/em><\/h3>\n<ul style=\"text-align: center;\">\n<li style=\"text-align: left;\">Werde <span style=\"color: #ff0000;\"><strong>Mitglied<\/strong> <\/span>bei\u00a0<span style=\"color: #ff0000;\"><strong>Feuer und Flamme<\/strong><\/span>:<br \/>\nDu legst die H\u00f6he deines Mitgliedsbeitrages selbst fest, vorausgesetzt, es sind mindestens<\/p>\n<ul>\n<li style=\"text-align: left;\">15 Euro pro\u00a0Jahr (bei Erwachsenen ab 18 Jahren), oder<\/li>\n<li style=\"text-align: left;\">7,50 Euro pro Jahr (bei Jugendlichen unter 18).<\/li>\n<\/ul>\n<\/li>\n<\/ul>\n<p style=\"text-align: center;\">Lade die Beitrittserkl\u00e4rung herunter, f\u00fclle sie am PC aus, drucke sie, unterschreibe sie (<em>ohne deine Unterschrift l\u00e4uft nichts!<\/em>) und sende sie <a href=\"https:\/\/evk-hornbach.de\/?page_id=80\" target=\"_blank\" rel=\"noopener noreferrer\">an das Pfarramt<\/a>.<\/p>\n<p style=\"text-align: center;\"><strong><strong>&gt;&gt;\u00a0<a href=\"http:\/\/evj-hornbach.de\/wp-content\/uploads\/2019\/11\/beitrittserklaerung.pdf\">Beitrittserkl\u00e4rung zum Herunterladen<\/a><\/strong><\/strong><\/p>\n<ul style=\"text-align: center;\">\n<li>Mit einer <span style=\"color: #ff0000;\"><strong>Spende<\/strong> <\/span>auf das Konto der Kirchengemeinde bei der Sparkasse S\u00fcdwestpfalz,<br \/>\nStichwort: <strong>Feuer und Flamme<\/strong><br \/>\nIBAN: DE66 5425 0010 0075 0302 96<br \/>\nBIC: MALADE51SWP<\/li>\n<\/ul>\n<ul style=\"text-align: center;\">\n<li>Mit<span style=\"color: #ff0000;\"><strong> ohne Geld<\/strong><\/span> &#8211; \u00fcber die <span style=\"color: #ff00ff;\"><a style=\"color: #ff00ff;\" href=\"https:\/\/smoo.st\/it\/2fej0\" target=\"_blank\" rel=\"noopener noreferrer\"><strong>smoost Android \/ iphone App<\/strong><\/a><\/span>!<\/li>\n<\/ul>\n<ul style=\"text-align: center;\">\n<li>Durch einen\u00a0<span style=\"color: #ff0000;\"><strong>Besuch <\/strong><strong>unserer Veranstaltungen und Gottesdienste<\/strong>!<\/span><\/li>\n<\/ul>\n<p style=\"text-align: center;\">Kontakt: <a href=\"mailto:pfarramt@evk-hornbach.de\">pfarramt@evk-hornbach.de<\/a><\/p>\n<p style=\"text-align: center;\"><img loading=\"lazy\" decoding=\"async\" class=\"wp-image-434 size-full aligncenter\" src=\"https:\/\/evk-hornbach.de\/wp-content\/uploads\/2016\/09\/peperoni.jpg\" width=\"195\" height=\"141\" \/><\/p>\n","protected":false},"excerpt":{"rendered":"<p>Wir sind Christen, denen die Jugendarbeit und Gemeindearbeit wichtig ist. Aus diesem Grunde haben wir \u201eFeuer und Flamme\u201c gegr\u00fcndet, einen Verein, der seinen Schwerpunkt in der Unterst\u00fctzung kirchlicher Jugendarbeit in den Kirchengemeinden Hornbach und Brenschelbach hat. Im Zusammenleben in Gruppen und Freizeiten wird soziales Verhalten einge\u00fcbt und wir vermitteln Werte. Seit \u00fcber zwanzig Jahren verantworten [&hellip;]<\/p>\n","protected":false},"author":1,"featured_media":0,"parent":0,"menu_order":0,"comment_status":"closed","ping_status":"closed","template":"","meta":{"footnotes":""},"class_list":["post-54","page","type-page","status-publish","hentry"],"jetpack_sharing_enabled":true,"_links":{"self":[{"href":"http:\/\/evj-hornbach.de\/index.php?rest_route=\/wp\/v2\/pages\/54","targetHints":{"allow":["GET"]}}],"collection":[{"href":"http:\/\/evj-hornbach.de\/index.php?rest_route=\/wp\/v2\/pages"}],"about":[{"href":"http:\/\/evj-hornbach.de\/index.php?rest_route=\/wp\/v2\/types\/page"}],"author":[{"embeddable":true,"href":"http:\/\/evj-hornbach.de\/index.php?rest_route=\/wp\/v2\/users\/1"}],"replies":[{"embeddable":true,"href":"http:\/\/evj-hornbach.de\/index.php?rest_route=%2Fwp%2Fv2%2Fcomments&post=54"}],"version-history":[{"count":7,"href":"http:\/\/evj-hornbach.de\/index.php?rest_route=\/wp\/v2\/pages\/54\/revisions"}],"predecessor-version":[{"id":82,"href":"http:\/\/evj-hornbach.de\/index.php?rest_route=\/wp\/v2\/pages\/54\/revisions\/82"}],"wp:attachment":[{"href":"http:\/\/evj-hornbach.de\/index.php?rest_route=%2Fwp%2Fv2%2Fmedia&parent=54"}],"curies":[{"name":"wp","href":"https:\/\/api.w.org\/{rel}","templated":true}]}}