{"id":17,"date":"2019-11-12T22:02:45","date_gmt":"2019-11-12T22:02:45","guid":{"rendered":"http:\/\/evj-hornbach.de\/?page_id=17"},"modified":"2023-01-29T10:53:37","modified_gmt":"2023-01-29T10:53:37","slug":"unsere-jugendarbeit","status":"publish","type":"page","link":"http:\/\/evj-hornbach.de\/?page_id=17","title":{"rendered":"Unsere Jugendarbeit"},"content":{"rendered":"<p style=\"text-align: center;\"><img loading=\"lazy\" decoding=\"async\" class=\"alignnone size-medium wp-image-18 aligncenter\" src=\"http:\/\/evj-hornbach.de\/wp-content\/uploads\/2019\/11\/JH-Logo-Kopie-300x225.png\" alt=\"\" width=\"300\" height=\"225\" srcset=\"http:\/\/evj-hornbach.de\/wp-content\/uploads\/2019\/11\/JH-Logo-Kopie-300x225.png 300w, http:\/\/evj-hornbach.de\/wp-content\/uploads\/2019\/11\/JH-Logo-Kopie-768x576.png 768w, http:\/\/evj-hornbach.de\/wp-content\/uploads\/2019\/11\/JH-Logo-Kopie-1024x768.png 1024w, http:\/\/evj-hornbach.de\/wp-content\/uploads\/2019\/11\/JH-Logo-Kopie.png 1890w\" sizes=\"auto, (max-width: 300px) 100vw, 300px\" \/><span style=\"font-size: 1rem;\">Seit vielen Jahren existiert bei uns in Hornbach eine aktive Jugendarbeit. Was durch Sommerfreizeiten langsam begonnen hat, ist mittlerweile gewachsen und nicht mehr weg zu denken. Es gibt verschiedene Angebote f\u00fcr Jugendliche und junge Erwachsene, die von vielen Interessierten aus der Umgebung in Anspruch genommen werden.<\/span><\/p>\n<p style=\"text-align: center;\">Die Jugendgruppen, Jugendevents und Gottesdienste werden von ehrenamtlichen Mitarbeitern (\u00e4lteren Jugendlichen) und freiwilligen Helfern unterst\u00fctzt.<\/p>\n<p style=\"text-align: center;\">In unseren Jugendgruppen erwartet die Teilnehmer gro\u00dfen Spa\u00df, Unterhaltung und tolle Gemeinschaft, sowie allt\u00e4gliche Themen und christliche Andachten, die anregen sollen \u00fcber den pers\u00f6nlichen Glauben nachzudenken.<\/p>\n<p style=\"text-align: center;\">Wir veranstalten im Abstand von 4-6 Wochen unseren <strong>Jesus Inside<\/strong>, der helfen soll Jugendlichen den Glauben n\u00e4her zu bringen. Dies ist ein kreativer, unterhaltsamer und moderner Jugendgottesdienst mit Band, Theater, Handyspot und einer guten Botschaft den wir zurzeit gemeinsam mit \u00fcber 50 Besuchern feiern.<\/p>\n<p style=\"text-align: center;\"><em><strong>Come see and find out! <i id=\"fac_69fb7a874db52\" class=\"fa fa-eye\"><\/i>\n<\/strong><\/em><\/p>\n<p style=\"text-align: center;\">Weitere Informationen, sowie kommende Jugendgruppen und Veranstaltungen k\u00f6nnen Sie dem \u201ees Kerche-Bl\u00e4ddche\u201c entnehmen oder besuchen Sie uns einfach auf Facebook: <strong><a href=\"https:\/\/www.facebook.com\/evjugendhornbach\" target=\"_blank\" rel=\"noopener noreferrer\">Ev. Jugend Hornbach<\/a><\/strong><strong>.<\/strong><\/p>\n<p style=\"text-align: center;\">Jugendarbeit von Jugendlichen f\u00fcr Jugendliche!<\/p>\n<p style=\"text-align: center;\"><b>Home is where your<\/b><br \/>\n<b><i id=\"fac_69fb7a8754049\" class=\"fa fa-heart\"><\/i>\n<\/b><br \/>\n<b>is!<\/b><\/p>\n","protected":false},"excerpt":{"rendered":"<p>Seit vielen Jahren existiert bei uns in Hornbach eine aktive Jugendarbeit. Was durch Sommerfreizeiten langsam begonnen hat, ist mittlerweile gewachsen und nicht mehr weg zu denken. Es gibt verschiedene Angebote f\u00fcr Jugendliche und junge Erwachsene, die von vielen Interessierten aus der Umgebung in Anspruch genommen werden. Die Jugendgruppen, Jugendevents und Gottesdienste werden von ehrenamtlichen Mitarbeitern [&hellip;]<\/p>\n","protected":false},"author":1,"featured_media":0,"parent":0,"menu_order":0,"comment_status":"closed","ping_status":"closed","template":"","meta":{"footnotes":""},"class_list":["post-17","page","type-page","status-publish","hentry"],"jetpack_sharing_enabled":true,"_links":{"self":[{"href":"http:\/\/evj-hornbach.de\/index.php?rest_route=\/wp\/v2\/pages\/17","targetHints":{"allow":["GET"]}}],"collection":[{"href":"http:\/\/evj-hornbach.de\/index.php?rest_route=\/wp\/v2\/pages"}],"about":[{"href":"http:\/\/evj-hornbach.de\/index.php?rest_route=\/wp\/v2\/types\/page"}],"author":[{"embeddable":true,"href":"http:\/\/evj-hornbach.de\/index.php?rest_route=\/wp\/v2\/users\/1"}],"replies":[{"embeddable":true,"href":"http:\/\/evj-hornbach.de\/index.php?rest_route=%2Fwp%2Fv2%2Fcomments&post=17"}],"version-history":[{"count":8,"href":"http:\/\/evj-hornbach.de\/index.php?rest_route=\/wp\/v2\/pages\/17\/revisions"}],"predecessor-version":[{"id":276,"href":"http:\/\/evj-hornbach.de\/index.php?rest_route=\/wp\/v2\/pages\/17\/revisions\/276"}],"wp:attachment":[{"href":"http:\/\/evj-hornbach.de\/index.php?rest_route=%2Fwp%2Fv2%2Fmedia&parent=17"}],"curies":[{"name":"wp","href":"https:\/\/api.w.org\/{rel}","templated":true}]}}